{"id":337,"date":"2021-04-29T21:20:37","date_gmt":"2021-04-29T21:20:37","guid":{"rendered":"http:\/\/ferien-in-kalifornien.de\/?page_id=337"},"modified":"2021-04-30T22:05:29","modified_gmt":"2021-04-30T22:05:29","slug":"ferienwohnungen","status":"publish","type":"page","link":"http:\/\/ferien-in-kalifornien.de\/?page_id=337","title":{"rendered":"Ferienwohnungen"},"content":{"rendered":"<p>Erf\u00fcllen Sie sich Ihren Urlaubstraum an der Ostsee mit unseren Ferienwohnungen in Strandn\u00e4he (400 Meter) im beliebten Ferienort Sch\u00f6nberg-Holm. Hier am Holm ist man ganz auf die Bed\u00fcrfnisse von Ferieng\u00e4sten und Familien eingestellt. Ausreichend Parkm\u00f6glichkeiten vor dem Haus, eine Bushaltestelle (Buslinie nach Sch\u00f6nberg und Kiel), kleine Gesch\u00e4fte f\u00fcr den t\u00e4glichen Gebrauch wie B\u00e4cker, Fris\u00f6r und zwei Restaurants innerhalb der Ferienanlage sowie schnelles Internet sind selbstverst\u00e4ndlich.<\/p>\n<p>Sch\u00f6nberg-Holm liegt ca. 400 Meter vom Strand in Kalifornien entfernt und ist ein offizieller Ortsteil des Ostseebades Sch\u00f6nberg (Holstein). Je nach Lage der Ferienwohnung hat man vom Holm einen unglaublichen Meerblick auf die Ostsee in Kalifornien und Brasilien bis zum Sch\u00f6nberger Strand und die Kieler F\u00f6rde bei Laboe. In Holm ist au\u00dferdem die Ostseeklinik Holm angesiedelt.<\/p>\n<p>Unsere Ferienwohnungen sind wie daf\u00fcr gemacht, die Seele baumeln zu lassen oder aktiv zu werden. Auch Urlaub mit Hund ist m\u00f6glich. Hier am Holm finden Sie das passende Apartment f\u00fcr Sie. Garantiert!<\/p>\n","protected":false},"excerpt":{"rendered":"<p class=\"excerpt\">Erf\u00fcllen Sie sich Ihren Urlaubstraum an der Ostsee mit unseren Ferienwohnungen in Strandn\u00e4he (400 Meter) im beliebten Ferienort Sch\u00f6nberg-Holm. Hier am Holm ist man ganz auf die Bed\u00fcrfnisse von Ferieng\u00e4sten und Familien eingestellt. Ausreichend Parkm\u00f6glichkeiten vor dem Haus, eine Bushaltestelle (Buslinie nach Sch\u00f6nberg und Kiel), kleine Gesch\u00e4fte f\u00fcr den t\u00e4glichen Gebrauch wie B\u00e4cker, Fris\u00f6r und [&hellip;]<\/p>\n","protected":false},"author":3,"featured_media":0,"parent":0,"menu_order":0,"comment_status":"closed","ping_status":"closed","template":"","meta":[],"_links":{"self":[{"href":"http:\/\/ferien-in-kalifornien.de\/index.php?rest_route=\/wp\/v2\/pages\/337"}],"collection":[{"href":"http:\/\/ferien-in-kalifornien.de\/index.php?rest_route=\/wp\/v2\/pages"}],"about":[{"href":"http:\/\/ferien-in-kalifornien.de\/index.php?rest_route=\/wp\/v2\/types\/page"}],"author":[{"embeddable":true,"href":"http:\/\/ferien-in-kalifornien.de\/index.php?rest_route=\/wp\/v2\/users\/3"}],"replies":[{"embeddable":true,"href":"http:\/\/ferien-in-kalifornien.de\/index.php?rest_route=%2Fwp%2Fv2%2Fcomments&post=337"}],"version-history":[{"count":6,"href":"http:\/\/ferien-in-kalifornien.de\/index.php?rest_route=\/wp\/v2\/pages\/337\/revisions"}],"predecessor-version":[{"id":390,"href":"http:\/\/ferien-in-kalifornien.de\/index.php?rest_route=\/wp\/v2\/pages\/337\/revisions\/390"}],"wp:attachment":[{"href":"http:\/\/ferien-in-kalifornien.de\/index.php?rest_route=%2Fwp%2Fv2%2Fmedia&parent=337"}],"curies":[{"name":"wp","href":"https:\/\/api.w.org\/{rel}","templated":true}]}}