{"id":349,"date":"2021-04-29T21:22:52","date_gmt":"2021-04-29T21:22:52","guid":{"rendered":"http:\/\/ferien-in-kalifornien.de\/?page_id=349"},"modified":"2021-05-03T19:29:54","modified_gmt":"2021-05-03T19:29:54","slug":"impressum","status":"publish","type":"page","link":"http:\/\/ferien-in-kalifornien.de\/?page_id=349","title":{"rendered":"Impressum"},"content":{"rendered":"<p>Familie Moor<br \/>\nMeisenstr. 65<br \/>\n33607 Bielefeld<br \/>\nGermany<\/p>\n<p>Inhaltlich Verantwortlicher gem\u00e4\u00df gem. \u00a7 5 Telemediengesetz (TMG):<br \/>\nC. Moor (Anschrift wie oben)<\/p>\n<p>Technische Umsetzung:<br \/>\nwww.bronnermedia.de<br \/>\ninfo@bronnermedia.de<\/p>\n<p>Hosting und Betrieb:<br \/>\nD&#038;F ISP Ltd. &#038; Co. KG<br \/>\ninfo@df-webhosting.de<\/p>\n<p>Die auf dieser Website abgebildeten Texte, Bilder und Videos unterliegen dem Schutz des Urheberrechts. Die entsprechend gesch\u00fctzten Inhalte dieser Website d\u00fcrfen daher ohne vorherige schriftliche Zustimmung der Urheber insbesondere nicht zu kommerziellen Zwecken vervielf\u00e4ltigt und verbreitet werden.<\/p>\n<p>Rechtliche Hinweise:<br \/>\nDie Pr\u00fcfung der Angaben im Rahmen des Internetauftrittes ist sorgf\u00e4ltig erfolgt. Obwohl wir darauf achten, die Angebote und sonstigen Inhalte unserer Website und des Angebotes aktuell, inhaltlich richtig und vollst\u00e4ndig darzustellen, sind Fehler nicht vollst\u00e4ndig auszuschlie\u00dfen. Wir \u00fcbernehmen daher keine Gew\u00e4hr f\u00fcr die Vollst\u00e4ndigkeit, Richtigkeit und Aktualit\u00e4t der Angaben auf der Website.<\/p>\n<p>Die Nutzung unserer Website geschieht auf eigene Gefahr des Nutzers. Wir \u00fcbernehmen keine Haftung f\u00fcr die Sch\u00e4den, die der Nutzer aufgrund der Nutzung der Website bzw. in Verbindung mit dem Zugang zur Website erleidet. Der Haftungsausschluss gilt nicht f\u00fcr vors\u00e4tzliches und grob fahrl\u00e4ssiges Handeln und die Verletzung von Leib und Leben. Der Haftungsausschluss gilt f\u00fcr unmittelbare und mittelbare, direkte und indirekte sowie zuf\u00e4llige Sch\u00e4den und Mangelfolgesch\u00e4den.<\/p>\n<p>Wir k\u00f6nnen keine Verantwortung f\u00fcr die Inhalte der Websites \u00fcbernehmen, die verlinkt sind. Externe Links, \u00fcber die Websites Dritter, die eingebunden sind oder die \u00fcber unsere Website erreicht werden k\u00f6nnen, stehen in der Verantwortung der Dritten. Wir distanzieren uns ausdr\u00fccklich von allen Inhalten dieser Websites, soweit diese gegen strafrechtliche Vorschriften versto\u00dfen, haftungsrechtlich relevanten Inhalt wiedergeben oder gegen die \u201eguten Sitten\u201c versto\u00dfen.<\/p>\n<p><strong>Bitte unterst\u00fctze unser Ziel, eine Welt ohne Diskriminierung zu schaffen.<\/p>\n<p>Made in Europe with \u2661<\/strong><\/p>\n","protected":false},"excerpt":{"rendered":"<p class=\"excerpt\">Familie Moor Meisenstr. 65 33607 Bielefeld Germany Inhaltlich Verantwortlicher gem\u00e4\u00df gem. \u00a7 5 Telemediengesetz (TMG): C. Moor (Anschrift wie oben) Technische Umsetzung: www.bronnermedia.de info@bronnermedia.de Hosting und Betrieb: D&#038;F ISP Ltd. &#038; Co. KG info@df-webhosting.de Die auf dieser Website abgebildeten Texte, Bilder und Videos unterliegen dem Schutz des Urheberrechts. Die entsprechend gesch\u00fctzten Inhalte dieser Website d\u00fcrfen [&hellip;]<\/p>\n","protected":false},"author":3,"featured_media":0,"parent":0,"menu_order":0,"comment_status":"closed","ping_status":"closed","template":"","meta":[],"_links":{"self":[{"href":"http:\/\/ferien-in-kalifornien.de\/index.php?rest_route=\/wp\/v2\/pages\/349"}],"collection":[{"href":"http:\/\/ferien-in-kalifornien.de\/index.php?rest_route=\/wp\/v2\/pages"}],"about":[{"href":"http:\/\/ferien-in-kalifornien.de\/index.php?rest_route=\/wp\/v2\/types\/page"}],"author":[{"embeddable":true,"href":"http:\/\/ferien-in-kalifornien.de\/index.php?rest_route=\/wp\/v2\/users\/3"}],"replies":[{"embeddable":true,"href":"http:\/\/ferien-in-kalifornien.de\/index.php?rest_route=%2Fwp%2Fv2%2Fcomments&post=349"}],"version-history":[{"count":3,"href":"http:\/\/ferien-in-kalifornien.de\/index.php?rest_route=\/wp\/v2\/pages\/349\/revisions"}],"predecessor-version":[{"id":432,"href":"http:\/\/ferien-in-kalifornien.de\/index.php?rest_route=\/wp\/v2\/pages\/349\/revisions\/432"}],"wp:attachment":[{"href":"http:\/\/ferien-in-kalifornien.de\/index.php?rest_route=%2Fwp%2Fv2%2Fmedia&parent=349"}],"curies":[{"name":"wp","href":"https:\/\/api.w.org\/{rel}","templated":true}]}}