{"id":357,"date":"2021-04-29T21:24:00","date_gmt":"2021-04-29T21:24:00","guid":{"rendered":"http:\/\/ferien-in-kalifornien.de\/?page_id=357"},"modified":"2021-05-08T17:08:40","modified_gmt":"2021-05-08T17:08:40","slug":"preise","status":"publish","type":"page","link":"http:\/\/ferien-in-kalifornien.de\/?page_id=357","title":{"rendered":"Preise"},"content":{"rendered":"<p><strong>Preise<\/strong> (je nach Saison und Apartment) ab 25,00 Euro pro Tag \/ Person<br \/>\nEndreinigung: 49,00 Euro<br \/>\nMindestmietzeit: 7 Tage \/ 6 \u00dcbernachtungen (Hauptsaison)<\/p>\n<p><strong>Zahlung:<\/strong><br \/>\nVorkasse per \u00dcberweisung bis 14 Tage vor Anreise.<br \/>\nDie Kontodaten erhalten Sie mit Ihrer Buchungsbest\u00e4tigung.<\/p>\n<p><strong>Extras<\/strong> (gegen Aufpreis):<br \/>\nHandtuchpaket (2 Handt\u00fccher, 1 Duschtuch): 14,00 Euro \/ Person<br \/>\nBettw\u00e4schepaket (inkl. Bettlaken): 19,00 Euro \/ Person<br \/>\nBettw\u00e4sche- &amp; Handtuchpaket: 29,00 Euro \/ Person<br \/>\nHund bis max. Knieh\u00f6he: 2,50 Euro \/ Tag (ohne Futter)<br \/>\nKinderhochstuhl: 10,00 Euro \/ Aufenthalt<\/p>\n<p><strong>Tourismusabgabe:<\/strong><br \/>\nOstseecard: 1,10 bis 2,50 Euro \/ Person, je nach Saison (Jugendliche bis 18 Jahre kostenfrei)<\/p>\n<p>Die <strong>Ostseecard<\/strong> berechtigt zur kostenfreien Nutzung der regionalen Buslinien. Ebenso k\u00f6nnen die Str\u00e4nde entlang der Ostseek\u00fcste mit der Karte kostenfrei genutzt werden. Sie erhalten damit zudem erm\u00e4\u00dfigten Eintritt zu vielen Einrichtungen der Region wie Museen, Schwimmb\u00e4der etc. Au\u00dferdem halten viele Partner aus Gastronomie und Einzelhandel f\u00fcr Inhaber der Ostseecard spezielle Angebote bereit.<\/p>\n","protected":false},"excerpt":{"rendered":"<p class=\"excerpt\">Preise (je nach Saison und Apartment) ab 25,00 Euro pro Tag \/ Person Endreinigung: 49,00 Euro Mindestmietzeit: 7 Tage \/ 6 \u00dcbernachtungen (Hauptsaison) Zahlung: Vorkasse per \u00dcberweisung bis 14 Tage vor Anreise. Die Kontodaten erhalten Sie mit Ihrer Buchungsbest\u00e4tigung. Extras (gegen Aufpreis): Handtuchpaket (2 Handt\u00fccher, 1 Duschtuch): 14,00 Euro \/ Person Bettw\u00e4schepaket (inkl. Bettlaken): 19,00 [&hellip;]<\/p>\n","protected":false},"author":3,"featured_media":0,"parent":0,"menu_order":0,"comment_status":"closed","ping_status":"closed","template":"","meta":[],"_links":{"self":[{"href":"http:\/\/ferien-in-kalifornien.de\/index.php?rest_route=\/wp\/v2\/pages\/357"}],"collection":[{"href":"http:\/\/ferien-in-kalifornien.de\/index.php?rest_route=\/wp\/v2\/pages"}],"about":[{"href":"http:\/\/ferien-in-kalifornien.de\/index.php?rest_route=\/wp\/v2\/types\/page"}],"author":[{"embeddable":true,"href":"http:\/\/ferien-in-kalifornien.de\/index.php?rest_route=\/wp\/v2\/users\/3"}],"replies":[{"embeddable":true,"href":"http:\/\/ferien-in-kalifornien.de\/index.php?rest_route=%2Fwp%2Fv2%2Fcomments&post=357"}],"version-history":[{"count":7,"href":"http:\/\/ferien-in-kalifornien.de\/index.php?rest_route=\/wp\/v2\/pages\/357\/revisions"}],"predecessor-version":[{"id":436,"href":"http:\/\/ferien-in-kalifornien.de\/index.php?rest_route=\/wp\/v2\/pages\/357\/revisions\/436"}],"wp:attachment":[{"href":"http:\/\/ferien-in-kalifornien.de\/index.php?rest_route=%2Fwp%2Fv2%2Fmedia&parent=357"}],"curies":[{"name":"wp","href":"https:\/\/api.w.org\/{rel}","templated":true}]}}