{"id":359,"date":"2021-04-29T21:26:13","date_gmt":"2021-04-29T21:26:13","guid":{"rendered":"http:\/\/ferien-in-kalifornien.de\/?page_id=359"},"modified":"2021-05-03T19:18:50","modified_gmt":"2021-05-03T19:18:50","slug":"duenengras","status":"publish","type":"page","link":"http:\/\/ferien-in-kalifornien.de\/?page_id=359","title":{"rendered":"FeWo D\u00fcnengras"},"content":{"rendered":"<span id=\"post-ratings-5\" class=\"post-ratings\" data-nonce=\"5f21a060ae\"><img id=\"rating_5_1\" src=\"http:\/\/ferien-in-kalifornien.de\/wp-content\/plugins\/wp-postratings\/images\/stars\/rating_off.gif\" alt=\"1 Star\" title=\"1 Star\" onmouseover=\"current_rating(5, 1, '1 Star');\" onmouseout=\"ratings_off(0, 0, 0);\" onclick=\"rate_post();\" onkeypress=\"rate_post();\" style=\"cursor: pointer; border: 0px;\" \/><img id=\"rating_5_2\" src=\"http:\/\/ferien-in-kalifornien.de\/wp-content\/plugins\/wp-postratings\/images\/stars\/rating_off.gif\" alt=\"2 Stars\" title=\"2 Stars\" onmouseover=\"current_rating(5, 2, '2 Stars');\" onmouseout=\"ratings_off(0, 0, 0);\" onclick=\"rate_post();\" onkeypress=\"rate_post();\" style=\"cursor: pointer; border: 0px;\" \/><img id=\"rating_5_3\" src=\"http:\/\/ferien-in-kalifornien.de\/wp-content\/plugins\/wp-postratings\/images\/stars\/rating_off.gif\" alt=\"3 Stars\" title=\"3 Stars\" onmouseover=\"current_rating(5, 3, '3 Stars');\" onmouseout=\"ratings_off(0, 0, 0);\" onclick=\"rate_post();\" onkeypress=\"rate_post();\" style=\"cursor: pointer; border: 0px;\" \/><img id=\"rating_5_4\" src=\"http:\/\/ferien-in-kalifornien.de\/wp-content\/plugins\/wp-postratings\/images\/stars\/rating_off.gif\" alt=\"4 Stars\" title=\"4 Stars\" onmouseover=\"current_rating(5, 4, '4 Stars');\" onmouseout=\"ratings_off(0, 0, 0);\" onclick=\"rate_post();\" onkeypress=\"rate_post();\" style=\"cursor: pointer; border: 0px;\" \/><img id=\"rating_5_5\" src=\"http:\/\/ferien-in-kalifornien.de\/wp-content\/plugins\/wp-postratings\/images\/stars\/rating_off.gif\" alt=\"5 Stars\" title=\"5 Stars\" onmouseover=\"current_rating(5, 5, '5 Stars');\" onmouseout=\"ratings_off(0, 0, 0);\" onclick=\"rate_post();\" onkeypress=\"rate_post();\" style=\"cursor: pointer; border: 0px;\" \/> (No Ratings Yet)<br \/><span class=\"post-ratings-text\" id=\"ratings_5_text\"><\/span><\/span><span id=\"post-ratings-5-loading\" class=\"post-ratings-loading\"><img src=\"http:\/\/ferien-in-kalifornien.de\/wp-content\/plugins\/wp-postratings\/images\/loading.gif\" width=\"16\" height=\"16\" class=\"post-ratings-image\" \/>Loading...<\/span>\n<p><strong>Objektbeschreibung<\/strong><br \/>\nUnsere Ferienwohnung <strong>D\u00fcnengras <\/strong>ist die ideale Wahl f\u00fcr die kleine Familie, Senioren (Aufzug!) oder G\u00e4ste mit kleinem Hund.<\/p>\n<p>Das helle, voll ausgestattete <strong>2-Zimmer-Appartement<\/strong> mit Pantryk\u00fcche und Badezimmer ist inklusive Balkon 40 m\u00b2 (35 plus 5) gro\u00df. Damit bietet das Apartment ausreichend Platz f\u00fcr zwei Erwachsene und ein Kind \/ einen Erwachsenen und zwei Kinder.<\/p>\n<p>Im einladenden <strong>Wohnzimmer<\/strong> finden Sie eine gem\u00fctliche Sofaecke, einen Couchtisch und eine Fernsehwand mit DVD-Player. Zum Schm\u00f6kern oder Musikh\u00f6ren l\u00e4dt die Leseecke mit Beistelltisch und Leselampe ein. Die kleine Essecke ist mit Esstisch und 4 St\u00fchlen ausgestattet.<\/p>\n<p>Im <strong>separaten Schlafzimmer<\/strong> wird der Platz dank eines integrierten Kleiderschranks bestm\u00f6glich genutzt, sodass zwei normale Einzelbetten Platz gefunden haben. Auf der Schlafcouch im Wohnzimmer k\u00f6nnen 1-2 Kinder schlafen, sodass einem unvergesslichen gemeinsamen Familienurlaub nichts im Wege steht.<\/p>\n<p>Die <strong>integrierte K\u00fcche<\/strong> mit 2-Platten-Herd, K\u00fchlschrank mit Eisfach und Mikrowelle ist komplett eingerichtet, sodass Sie als Selbstversorger unabh\u00e4ngig sind, sofern Sie nicht eines der sehr guten Fischrestaurants entlang der K\u00fcste aufsuchen wollen.<\/p>\n<p>Das h\u00fcbsche Badezimmer wartet mit <strong>Badewanne<\/strong> auf, die durch einen Duschvorhang mit einem Handgriff zur Dusche umfunktioniert werden kann. Der Spiegelschrank und ein weiterer Badschrank stehen Ihnen f\u00fcr Ihre Toilettenaccessoires w\u00e4hrend Ihres Aufenthaltes zur Verf\u00fcgung.<\/p>\n<p>Genie\u00dfen Sie die Sonnenstunden auf dem einladenden <strong>S\u00fcd-West-Balkon<\/strong> (5 m\u00b2), falls Sie nicht lieber in wenigen Gehminuten durch die Salzwiesen zum Strand gehen wollen. Sportliche G\u00e4ste, die ihren Urlaub mit Rad an der Ostsee planen, k\u00f6nnen ihre eigenen <strong>E-Bikes<\/strong> im Keller sicher verwahren. Ebenso finden hier Schlauchboot &amp; Co. ausreichend Stauraum.<\/p>\n<p><strong>Ausstattung <\/strong><br \/>\n\u25e6 voll m\u00f6bliert<br \/>\n\u25e6 Wannenbad mit Duschvorhang<br \/>\n\u25e6 voll ausgestattete Pantry-K\u00fcche mit 2-Platten-Herd, K\u00fchlschrank mit Gefrierfach, Geschirr, T\u00f6pfen etc.<br \/>\n\u25e6 Mikrowelle, Toaster, Kaffeemaschine, Wasserkocher, Eierkocher<br \/>\n\u25e6 Erstausttattung K\u00fcchenhandt\u00fccher und -schwamm<br \/>\n\u25e6 B\u00fcgeleisen, Staubsauger, W\u00e4schest\u00e4nder, F\u00f6hn<br \/>\n\u25e6 Flat-TV, DVD-Player, Micro-Stereoanlage, Radio, schnelles W-LAN (kostenlos)<br \/>\n\u25e6 Auswahl an B\u00fcchern, Fernglas<br \/>\n\u25e6 Wohnzimmer mit Leseecke und Schlafsofa<br \/>\n\u25e6 Schlafzimmer mit Abdunklungsm\u00f6glichkeit &amp; Einbauschrank mit Kleiderb\u00fcgeln<br \/>\n\u25e6 Garderobe<br \/>\n\u25e6 Balkon mit M\u00f6beln und Sonnenschirm<br \/>\n\u25e6 Keller f\u00fcr E-Bikes auf Anfrage<br \/>\n\u25e6 Aufzug, Gegensprechanlage, Rauchmelder, Heizung<br \/>\n\u25e6 \u00f6ffentliche Parkpl\u00e4tze vis-\u00e0-vis<br \/>\n\u25e6 Ferienanlage mit Kinderspielplatz, Liegewiese und Waschcenter<\/p>\n<p>In diesem Appartement ist das Rauchen nicht gestattet.<\/p>\n<p><strong>Belegung<\/strong><br \/>\nmaximal 2 Erwachsene + 1 Kind \/ 1 Erwachsener + 2 Kinder<\/p>\n<p><strong>Kleine Hunde auf Anfrage erlaubt.<\/strong><\/p>\n<p><strong>Mindestmietzeit<\/strong><br \/>\n7 Tage \/ 6 N\u00e4chte je nach Saison<\/p>\n<p>\r\n\t\t\t\t\t\n\r\n\t\t\t\t\t<!-- START UNITE GALLERY 1.7.45 -->\r\n\t\t\t\t\t\r\n\t\t\t\t\n\t\t\t<div id='unitegallery_1_1' class='unite-gallery' style='margin:0px auto;'>\n\t\t\t\t\n\n\t\t\t\t\t\t<img alt=\"Fewo 3\"\n\t\t\t\t\t\t     src=\"\" data-image=\"http:\/\/ferien-in-kalifornien.de\/wp-content\/uploads\/2021\/04\/Fewo-3.jpg\"\n\t\t\t\t\t\t     data-thumb=\"http:\/\/ferien-in-kalifornien.de\/wp-content\/uploads\/2021\/04\/Fewo-3-300x225.jpg\"\n\t\t\t\t\t\t     title=\"\"\n\t\t\t\t\t\t     style=\"display:none\">\n\n\t\t\t\t\t\t<img alt=\"SL206.39\"\n\t\t\t\t\t\t     src=\"\" data-image=\"http:\/\/ferien-in-kalifornien.de\/wp-content\/uploads\/2021\/04\/SL206.39.jpg\"\n\t\t\t\t\t\t     data-thumb=\"http:\/\/ferien-in-kalifornien.de\/wp-content\/uploads\/2021\/04\/SL206.39-300x225.jpg\"\n\t\t\t\t\t\t     title=\"\"\n\t\t\t\t\t\t     style=\"display:none\">\n\n\t\t\t\t\t\t<img alt=\"SL206.13\"\n\t\t\t\t\t\t     src=\"\" data-image=\"http:\/\/ferien-in-kalifornien.de\/wp-content\/uploads\/2021\/04\/SL206.13.jpg\"\n\t\t\t\t\t\t     data-thumb=\"http:\/\/ferien-in-kalifornien.de\/wp-content\/uploads\/2021\/04\/SL206.13-289x300.jpg\"\n\t\t\t\t\t\t     title=\"\"\n\t\t\t\t\t\t     style=\"display:none\">\n\n\t\t\t\t\t\t<img alt=\"Fewo 6\"\n\t\t\t\t\t\t     src=\"\" data-image=\"http:\/\/ferien-in-kalifornien.de\/wp-content\/uploads\/2021\/04\/Fewo-6.jpg\"\n\t\t\t\t\t\t     data-thumb=\"http:\/\/ferien-in-kalifornien.de\/wp-content\/uploads\/2021\/04\/Fewo-6-300x225.jpg\"\n\t\t\t\t\t\t     title=\"\"\n\t\t\t\t\t\t     style=\"display:none\">\n\n\t\t\t\t\t\t<img alt=\"SL206.37\"\n\t\t\t\t\t\t     src=\"\" data-image=\"http:\/\/ferien-in-kalifornien.de\/wp-content\/uploads\/2021\/04\/SL206.37.jpg\"\n\t\t\t\t\t\t     data-thumb=\"http:\/\/ferien-in-kalifornien.de\/wp-content\/uploads\/2021\/04\/SL206.37-300x181.jpg\"\n\t\t\t\t\t\t     title=\"\"\n\t\t\t\t\t\t     style=\"display:none\">\n\n\t\t\t\t\t\t<img alt=\"SL206.41\"\n\t\t\t\t\t\t     src=\"\" data-image=\"http:\/\/ferien-in-kalifornien.de\/wp-content\/uploads\/2021\/04\/SL206.41-1.jpg\"\n\t\t\t\t\t\t     data-thumb=\"http:\/\/ferien-in-kalifornien.de\/wp-content\/uploads\/2021\/04\/SL206.41-1-300x300.jpg\"\n\t\t\t\t\t\t     title=\"\"\n\t\t\t\t\t\t     style=\"display:none\">\n\n\t\t\t\t\t\t<img alt=\"Fewo 23\"\n\t\t\t\t\t\t     src=\"\" data-image=\"http:\/\/ferien-in-kalifornien.de\/wp-content\/uploads\/2021\/04\/Fewo-23.jpg\"\n\t\t\t\t\t\t     data-thumb=\"http:\/\/ferien-in-kalifornien.de\/wp-content\/uploads\/2021\/04\/Fewo-23-300x225.jpg\"\n\t\t\t\t\t\t     title=\"\"\n\t\t\t\t\t\t     style=\"display:none\">\n\n\t\t\t\t\t\t<img alt=\"Fewo 20\"\n\t\t\t\t\t\t     src=\"\" data-image=\"http:\/\/ferien-in-kalifornien.de\/wp-content\/uploads\/2021\/04\/Fewo-20.jpg\"\n\t\t\t\t\t\t     data-thumb=\"http:\/\/ferien-in-kalifornien.de\/wp-content\/uploads\/2021\/04\/Fewo-20-300x225.jpg\"\n\t\t\t\t\t\t     title=\"\"\n\t\t\t\t\t\t     style=\"display:none\">\n\n\t\t\t\t\t\t<img alt=\"SL206.1\"\n\t\t\t\t\t\t     src=\"\" data-image=\"http:\/\/ferien-in-kalifornien.de\/wp-content\/uploads\/2021\/04\/SL206.1.jpg\"\n\t\t\t\t\t\t     data-thumb=\"http:\/\/ferien-in-kalifornien.de\/wp-content\/uploads\/2021\/04\/SL206.1-300x225.jpg\"\n\t\t\t\t\t\t     title=\"\"\n\t\t\t\t\t\t     style=\"display:none\">\n\n\t\t\t\t\t\t<img alt=\"SL206.18\"\n\t\t\t\t\t\t     src=\"\" data-image=\"http:\/\/ferien-in-kalifornien.de\/wp-content\/uploads\/2021\/04\/SL206.18.jpg\"\n\t\t\t\t\t\t     data-thumb=\"http:\/\/ferien-in-kalifornien.de\/wp-content\/uploads\/2021\/04\/SL206.18-300x225.jpg\"\n\t\t\t\t\t\t     title=\"\"\n\t\t\t\t\t\t     style=\"display:none\">\n\n\t\t\t\t\t\t<img alt=\"SL206.35\"\n\t\t\t\t\t\t     src=\"\" data-image=\"http:\/\/ferien-in-kalifornien.de\/wp-content\/uploads\/2021\/04\/SL206.35.jpg\"\n\t\t\t\t\t\t     data-thumb=\"http:\/\/ferien-in-kalifornien.de\/wp-content\/uploads\/2021\/04\/SL206.35-300x289.jpg\"\n\t\t\t\t\t\t     title=\"\"\n\t\t\t\t\t\t     style=\"display:none\">\n\n\t\t\t\t\t\t<img alt=\"SL206.25\"\n\t\t\t\t\t\t     src=\"\" data-image=\"http:\/\/ferien-in-kalifornien.de\/wp-content\/uploads\/2021\/04\/SL206.25.jpg\"\n\t\t\t\t\t\t     data-thumb=\"http:\/\/ferien-in-kalifornien.de\/wp-content\/uploads\/2021\/04\/SL206.25-225x300.jpg\"\n\t\t\t\t\t\t     title=\"\"\n\t\t\t\t\t\t     style=\"display:none\">\n\n\t\t\t\t\t\t<img alt=\"SL206.10\"\n\t\t\t\t\t\t     src=\"\" data-image=\"http:\/\/ferien-in-kalifornien.de\/wp-content\/uploads\/2021\/04\/SL206.10.jpg\"\n\t\t\t\t\t\t     data-thumb=\"http:\/\/ferien-in-kalifornien.de\/wp-content\/uploads\/2021\/04\/SL206.10-225x300.jpg\"\n\t\t\t\t\t\t     title=\"\"\n\t\t\t\t\t\t     style=\"display:none\">\n\n\t\t\t\t\t\t<img alt=\"SL206.42\"\n\t\t\t\t\t\t     src=\"\" data-image=\"http:\/\/ferien-in-kalifornien.de\/wp-content\/uploads\/2021\/04\/SL206.42.jpg\"\n\t\t\t\t\t\t     data-thumb=\"http:\/\/ferien-in-kalifornien.de\/wp-content\/uploads\/2021\/04\/SL206.42-187x300.jpg\"\n\t\t\t\t\t\t     title=\"\"\n\t\t\t\t\t\t     style=\"display:none\">\n\n\t\t\t\t\t\t<img alt=\"SL206.11\"\n\t\t\t\t\t\t     src=\"\" data-image=\"http:\/\/ferien-in-kalifornien.de\/wp-content\/uploads\/2021\/04\/SL206.11.jpg\"\n\t\t\t\t\t\t     data-thumb=\"http:\/\/ferien-in-kalifornien.de\/wp-content\/uploads\/2021\/04\/SL206.11-171x300.jpg\"\n\t\t\t\t\t\t     title=\"\"\n\t\t\t\t\t\t     style=\"display:none\">\n\n\t\t\t\t\t\t<img alt=\"SL206.7\"\n\t\t\t\t\t\t     src=\"\" data-image=\"http:\/\/ferien-in-kalifornien.de\/wp-content\/uploads\/2021\/04\/SL206.7.jpg\"\n\t\t\t\t\t\t     data-thumb=\"http:\/\/ferien-in-kalifornien.de\/wp-content\/uploads\/2021\/04\/SL206.7-225x300.jpg\"\n\t\t\t\t\t\t     title=\"\"\n\t\t\t\t\t\t     style=\"display:none\">\n\n\t\t\t\t\t\t<img alt=\"SL206.12\"\n\t\t\t\t\t\t     src=\"\" data-image=\"http:\/\/ferien-in-kalifornien.de\/wp-content\/uploads\/2021\/04\/SL206.12.jpg\"\n\t\t\t\t\t\t     data-thumb=\"http:\/\/ferien-in-kalifornien.de\/wp-content\/uploads\/2021\/04\/SL206.12-225x300.jpg\"\n\t\t\t\t\t\t     title=\"\"\n\t\t\t\t\t\t     style=\"display:none\">\n\n\t\t\t\t\t\t<img alt=\"SL206.26\"\n\t\t\t\t\t\t     src=\"\" data-image=\"http:\/\/ferien-in-kalifornien.de\/wp-content\/uploads\/2021\/04\/SL206.26.jpg\"\n\t\t\t\t\t\t     data-thumb=\"http:\/\/ferien-in-kalifornien.de\/wp-content\/uploads\/2021\/04\/SL206.26-300x206.jpg\"\n\t\t\t\t\t\t     title=\"\"\n\t\t\t\t\t\t     style=\"display:none\">\n\n\t\t\t\t\t\t<img alt=\"Fewo 29\"\n\t\t\t\t\t\t     src=\"\" data-image=\"http:\/\/ferien-in-kalifornien.de\/wp-content\/uploads\/2021\/04\/Fewo-29.jpg\"\n\t\t\t\t\t\t     data-thumb=\"http:\/\/ferien-in-kalifornien.de\/wp-content\/uploads\/2021\/04\/Fewo-29-300x225.jpg\"\n\t\t\t\t\t\t     title=\"\"\n\t\t\t\t\t\t     style=\"display:none\">\n\n\t\t\t\t\t\t<img alt=\"SL206.19\"\n\t\t\t\t\t\t     src=\"\" data-image=\"http:\/\/ferien-in-kalifornien.de\/wp-content\/uploads\/2021\/04\/SL206.19.jpg\"\n\t\t\t\t\t\t     data-thumb=\"http:\/\/ferien-in-kalifornien.de\/wp-content\/uploads\/2021\/04\/SL206.19-300x225.jpg\"\n\t\t\t\t\t\t     title=\"\"\n\t\t\t\t\t\t     style=\"display:none\">\n\n\t\t\t\t\t\t<img alt=\"SL206.40\"\n\t\t\t\t\t\t     src=\"\" data-image=\"http:\/\/ferien-in-kalifornien.de\/wp-content\/uploads\/2021\/04\/SL206.40.jpg\"\n\t\t\t\t\t\t     data-thumb=\"http:\/\/ferien-in-kalifornien.de\/wp-content\/uploads\/2021\/04\/SL206.40-300x225.jpg\"\n\t\t\t\t\t\t     title=\"\"\n\t\t\t\t\t\t     style=\"display:none\">\n\n\t\t\t\t\t\t<img alt=\"SL206.2\"\n\t\t\t\t\t\t     src=\"\" data-image=\"http:\/\/ferien-in-kalifornien.de\/wp-content\/uploads\/2021\/04\/SL206.2.jpg\"\n\t\t\t\t\t\t     data-thumb=\"http:\/\/ferien-in-kalifornien.de\/wp-content\/uploads\/2021\/04\/SL206.2-300x225.jpg\"\n\t\t\t\t\t\t     title=\"\"\n\t\t\t\t\t\t     style=\"display:none\">\n\n\t\t\t\t\t\t<img alt=\"Fewo 13\"\n\t\t\t\t\t\t     src=\"\" data-image=\"http:\/\/ferien-in-kalifornien.de\/wp-content\/uploads\/2021\/04\/Fewo-13.jpg\"\n\t\t\t\t\t\t     data-thumb=\"http:\/\/ferien-in-kalifornien.de\/wp-content\/uploads\/2021\/04\/Fewo-13-300x225.jpg\"\n\t\t\t\t\t\t     title=\"\"\n\t\t\t\t\t\t     style=\"display:none\">\n\n\t\t\t\t\t\t<img alt=\"Fewo 14\"\n\t\t\t\t\t\t     src=\"\" data-image=\"http:\/\/ferien-in-kalifornien.de\/wp-content\/uploads\/2021\/04\/Fewo-14.jpg\"\n\t\t\t\t\t\t     data-thumb=\"http:\/\/ferien-in-kalifornien.de\/wp-content\/uploads\/2021\/04\/Fewo-14-300x92.jpg\"\n\t\t\t\t\t\t     title=\"\"\n\t\t\t\t\t\t     style=\"display:none\">\n\n\t\t\t\t\t\t<img alt=\"SL206.32\"\n\t\t\t\t\t\t     src=\"\" data-image=\"http:\/\/ferien-in-kalifornien.de\/wp-content\/uploads\/2021\/04\/SL206.32.jpg\"\n\t\t\t\t\t\t     data-thumb=\"http:\/\/ferien-in-kalifornien.de\/wp-content\/uploads\/2021\/04\/SL206.32-300x225.jpg\"\n\t\t\t\t\t\t     title=\"\"\n\t\t\t\t\t\t     style=\"display:none\">\n\n\t\t\t\t\t\t<img alt=\"SL206.27\"\n\t\t\t\t\t\t     src=\"\" data-image=\"http:\/\/ferien-in-kalifornien.de\/wp-content\/uploads\/2021\/04\/SL206.27.jpg\"\n\t\t\t\t\t\t     data-thumb=\"http:\/\/ferien-in-kalifornien.de\/wp-content\/uploads\/2021\/04\/SL206.27-300x225.jpg\"\n\t\t\t\t\t\t     title=\"\"\n\t\t\t\t\t\t     style=\"display:none\">\n\t\t\t<\/div>\n\n\t\t\t<script type='text\/javascript'>\n\t\t\t\twindow.onload = function(e) {\n\t\t\t\t\tif(typeof ugCheckForErrors == \"undefined\"){\n\t\t\t\t\t\tdocument.getElementById(\"unitegallery_1_1\").innerHTML = \"<span style='color:red'>Unite Gallery Error - gallery js and css files not included in the footer. Please make sure that wp_footer() function is added to your theme.<\/span>\";}\n\t\t\t\t\telse{ ugCheckForErrors(\"unitegallery_1_1\", \"jquery\");}\n\t\t\t\t};\n\t\t\t<\/script>\n\n\t\t\t<!-- END UNITEGALLERY --><\/p>\n<p>[dopbsp id=&#8220;4&#8243; lang=&#8220;de&#8220;]<\/p>\n","protected":false},"excerpt":{"rendered":"<p class=\"excerpt\">Objektbeschreibung Unsere Ferienwohnung D\u00fcnengras ist die ideale Wahl f\u00fcr die kleine Familie, Senioren (Aufzug!) oder G\u00e4ste mit kleinem Hund. Das helle, voll ausgestattete 2-Zimmer-Appartement mit Pantryk\u00fcche und Badezimmer ist inklusive Balkon 40 m\u00b2 (35 plus 5) gro\u00df. Damit bietet das Apartment ausreichend Platz f\u00fcr zwei Erwachsene und ein Kind \/ einen Erwachsenen und zwei Kinder. [&hellip;]<\/p>\n","protected":false},"author":3,"featured_media":0,"parent":0,"menu_order":0,"comment_status":"closed","ping_status":"closed","template":"","meta":[],"_links":{"self":[{"href":"http:\/\/ferien-in-kalifornien.de\/index.php?rest_route=\/wp\/v2\/pages\/359"}],"collection":[{"href":"http:\/\/ferien-in-kalifornien.de\/index.php?rest_route=\/wp\/v2\/pages"}],"about":[{"href":"http:\/\/ferien-in-kalifornien.de\/index.php?rest_route=\/wp\/v2\/types\/page"}],"author":[{"embeddable":true,"href":"http:\/\/ferien-in-kalifornien.de\/index.php?rest_route=\/wp\/v2\/users\/3"}],"replies":[{"embeddable":true,"href":"http:\/\/ferien-in-kalifornien.de\/index.php?rest_route=%2Fwp%2Fv2%2Fcomments&post=359"}],"version-history":[{"count":20,"href":"http:\/\/ferien-in-kalifornien.de\/index.php?rest_route=\/wp\/v2\/pages\/359\/revisions"}],"predecessor-version":[{"id":430,"href":"http:\/\/ferien-in-kalifornien.de\/index.php?rest_route=\/wp\/v2\/pages\/359\/revisions\/430"}],"wp:attachment":[{"href":"http:\/\/ferien-in-kalifornien.de\/index.php?rest_route=%2Fwp%2Fv2%2Fmedia&parent=359"}],"curies":[{"name":"wp","href":"https:\/\/api.w.org\/{rel}","templated":true}]}}