{"id":57,"date":"2017-03-12T15:55:48","date_gmt":"2017-03-12T15:55:48","guid":{"rendered":"http:\/\/ferien-in-kalifornien.de\/?page_id=57"},"modified":"2021-04-30T21:30:11","modified_gmt":"2021-04-30T21:30:11","slug":"willkommen","status":"publish","type":"page","link":"http:\/\/ferien-in-kalifornien.de\/","title":{"rendered":"Herzlich willkommen bei Ferien in Kalifornien,"},"content":{"rendered":"<h1>herzlich willkommen am Holm!<\/h1>\n<p>Genie\u00dfen Sie Ihre sch\u00f6nste Zeit des Jahres und nehmen Sie sich Ihre Auszeit im Ostseebad Sch\u00f6nberg, dem \u201edeutschen Kalifornien\u201c. Ob Aktivurlaub oder Entspannungszeit, ob Sommerfrischler oder Wasserratte, ob Kalifornien oder Brasilien:<br \/>\nAn der Ostsee ist Abwechslung garantiert.<\/p>\n<p>Unsere Ferienwohnungen sind wie daf\u00fcr gemacht, die Seele baumeln zu lassen oder aktiv zu werden. Jedes Apartment hat seine individuelle Note, sodass Sie bei uns das passende Zuhause auf Zeit f\u00fcr Ihren Traumurlaub an der Ostsee finden.<\/p>\n<p>Eins haben alle Wohnungen gemeinsam: Die unmittelbare N\u00e4he zum Strand. Selbstverst\u00e4ndlich sind alle Appartements so ausgestattet, dass Sie sich wie zu Hause f\u00fchlen k\u00f6nnen. Neugierig? Dann schauen Sie sich gerne auf unserer Website um!<\/p>\n<p>Die Ostsee und wir freuen uns auf Sie,<br \/>\n<strong>Ihre Familie Moor<\/strong><\/p>\n","protected":false},"excerpt":{"rendered":"<p class=\"excerpt\">herzlich willkommen am Holm! Genie\u00dfen Sie Ihre sch\u00f6nste Zeit des Jahres und nehmen Sie sich Ihre Auszeit im Ostseebad Sch\u00f6nberg, dem \u201edeutschen Kalifornien\u201c. Ob Aktivurlaub oder Entspannungszeit, ob Sommerfrischler oder Wasserratte, ob Kalifornien oder Brasilien: An der Ostsee ist Abwechslung garantiert. Unsere Ferienwohnungen sind wie daf\u00fcr gemacht, die Seele baumeln zu lassen oder aktiv zu [&hellip;]<\/p>\n","protected":false},"author":1,"featured_media":0,"parent":0,"menu_order":0,"comment_status":"closed","ping_status":"closed","template":"","meta":[],"_links":{"self":[{"href":"http:\/\/ferien-in-kalifornien.de\/index.php?rest_route=\/wp\/v2\/pages\/57"}],"collection":[{"href":"http:\/\/ferien-in-kalifornien.de\/index.php?rest_route=\/wp\/v2\/pages"}],"about":[{"href":"http:\/\/ferien-in-kalifornien.de\/index.php?rest_route=\/wp\/v2\/types\/page"}],"author":[{"embeddable":true,"href":"http:\/\/ferien-in-kalifornien.de\/index.php?rest_route=\/wp\/v2\/users\/1"}],"replies":[{"embeddable":true,"href":"http:\/\/ferien-in-kalifornien.de\/index.php?rest_route=%2Fwp%2Fv2%2Fcomments&post=57"}],"version-history":[{"count":26,"href":"http:\/\/ferien-in-kalifornien.de\/index.php?rest_route=\/wp\/v2\/pages\/57\/revisions"}],"predecessor-version":[{"id":382,"href":"http:\/\/ferien-in-kalifornien.de\/index.php?rest_route=\/wp\/v2\/pages\/57\/revisions\/382"}],"wp:attachment":[{"href":"http:\/\/ferien-in-kalifornien.de\/index.php?rest_route=%2Fwp%2Fv2%2Fmedia&parent=57"}],"curies":[{"name":"wp","href":"https:\/\/api.w.org\/{rel}","templated":true}]}}